{"id":2499,"date":"2021-01-19T08:40:04","date_gmt":"2021-01-19T07:40:04","guid":{"rendered":"https:\/\/www.charismacontract.com\/contacts\/"},"modified":"2021-01-20T11:23:33","modified_gmt":"2021-01-20T10:23:33","slug":"contacts","status":"publish","type":"page","link":"https:\/\/www.charismacontract.com\/fr\/contacts\/","title":{"rendered":"Contacts"},"content":{"rendered":"\t\t<div data-elementor-type=\"wp-post\" data-elementor-id=\"2499\" class=\"elementor elementor-2499 elementor-290\" data-elementor-post-type=\"page\">\n\t\t\t\t\t\t<section data-dce-background-image-url=\"https:\/\/www.charismacontract.com\/wp-content\/uploads\/2019\/01\/hotel-coppe-h.jpg\" class=\"elementor-section elementor-top-section elementor-element elementor-element-13d64b37 elementor-section-stretched elementor-section-full_width elementor-section-height-min-height elementor-section-content-middle elementor-section-height-default elementor-section-items-middle\" data-id=\"13d64b37\" data-element_type=\"section\" data-settings=\"{&quot;stretch_section&quot;:&quot;section-stretched&quot;,&quot;background_background&quot;:&quot;classic&quot;,&quot;shape_divider_bottom&quot;:&quot;pyramids&quot;}\">\n\t\t\t\t\t<div class=\"elementor-shape elementor-shape-bottom\" data-negative=\"false\">\n\t\t\t<svg xmlns=\"http:\/\/www.w3.org\/2000\/svg\" viewBox=\"0 0 1000 100\" preserveAspectRatio=\"none\">\n\t<path class=\"elementor-shape-fill\" d=\"M761.9,44.1L643.1,27.2L333.8,98L0,3.8V0l1000,0v3.9\"\/>\n<\/svg>\t\t<\/div>\n\t\t\t\t\t<div class=\"elementor-container elementor-column-gap-no\">\n\t\t\t\t\t<div class=\"elementor-column elementor-col-100 elementor-top-column elementor-element elementor-element-1b84b939\" data-id=\"1b84b939\" data-element_type=\"column\">\n\t\t\t<div class=\"elementor-widget-wrap\">\n\t\t\t\t\t\t\t<\/div>\n\t\t<\/div>\n\t\t\t\t\t<\/div>\n\t\t<\/section>\n\t\t\t\t<section data-dce-background-color=\"#001c2e\" class=\"elementor-section elementor-top-section elementor-element elementor-element-3264253 elementor-section-stretched elementor-section-boxed elementor-section-height-default elementor-section-height-default\" data-id=\"3264253\" data-element_type=\"section\" data-settings=\"{&quot;stretch_section&quot;:&quot;section-stretched&quot;,&quot;background_background&quot;:&quot;classic&quot;}\">\n\t\t\t\t\t\t<div class=\"elementor-container elementor-column-gap-default\">\n\t\t\t\t\t<div class=\"elementor-column elementor-col-100 elementor-top-column elementor-element elementor-element-cc085cb\" data-id=\"cc085cb\" data-element_type=\"column\">\n\t\t\t<div class=\"elementor-widget-wrap elementor-element-populated\">\n\t\t\t\t\t\t<div class=\"elementor-element elementor-element-1514c30 elementor-widget elementor-widget-text-editor\" data-id=\"1514c30\" data-element_type=\"widget\" data-widget_type=\"text-editor.default\">\n\t\t\t\t<div class=\"elementor-widget-container\">\n\t\t\t\t\t\t\t<p><strong>Charisma S.r.l.<\/strong><br \/>\nVia XXVIII Luglio, 212<br \/>\n47893 Borgo Maggiore &#8211; R\u00e9publique de Saint-Marin<br \/>\n<a href=\"mailto:info@charismacontract.com\">info@charismacontract.com<\/a><\/p>\n\t\t\t\t\t\t<\/div>\n\t\t\t\t<\/div>\n\t\t\t\t<div class=\"elementor-element elementor-element-c27174c elementor-widget elementor-widget-text-editor\" data-id=\"c27174c\" data-element_type=\"widget\" data-widget_type=\"text-editor.default\">\n\t\t\t\t<div class=\"elementor-widget-container\">\n\t\t\t\t\t\t\t<p>\n                <div class='gf_browser_gecko gform_wrapper' id='gform_wrapper_7' ><form method='post' enctype='multipart\/form-data'  id='gform_7'  action='\/fr\/wp-json\/wp\/v2\/pages\/2499'>\n                        <div class='gform_body'><ul id='gform_fields_7' class='gform_fields top_label form_sublabel_below description_below'><li id='field_7_1'  class='gfield gfield_contains_required field_sublabel_below field_description_below gfield_visibility_visible' ><label class='gfield_label gfield_label_before_complex'  >Nominativo<span class='gfield_required'>*<\/span><\/label><div class='ginput_complex ginput_container no_prefix has_first_name no_middle_name has_last_name no_suffix gf_name_has_2 ginput_container_name' id='input_7_1'>\n                            \n                            <span id='input_7_1_3_container' class='name_first' >\n                                                    <input type='text' name='input_1.3' id='input_7_1_3' value='' aria-label='Pr\u00e9nom'   aria-required=\"true\" aria-invalid=\"false\" placeholder='Pr\u00e9nom'\/>\n                                                    <label for='input_7_1_3' >Pr\u00e9nom<\/label>\n                                                <\/span>\n                            \n                            <span id='input_7_1_6_container' class='name_last' >\n                                                    <input type='text' name='input_1.6' id='input_7_1_6' value='' aria-label='Nom'   aria-required=\"true\" aria-invalid=\"false\" placeholder='Nom de famille'\/>\n                                                    <label for='input_7_1_6' >Nom<\/label>\n                                                <\/span>\n                            \n                        <\/div><\/li><li id='field_7_2'  class='gfield gfield_contains_required field_sublabel_below field_description_below gfield_visibility_visible' ><label class='gfield_label' for='input_7_2' >Email<span class='gfield_required'>*<\/span><\/label><div class='ginput_container ginput_container_email'>\n                            <input name='input_2' id='input_7_2' type='text' value='' class='medium'   placeholder='Email' aria-required=\"true\" aria-invalid=\"false\" \/>\n                        <\/div><\/li><li id='field_7_3'  class='gfield field_sublabel_below field_description_below gfield_visibility_visible' ><label class='gfield_label' for='input_7_3' >T\u00e9l\u00e9phone<\/label><div class='ginput_container ginput_container_phone'><input name='input_3' id='input_7_3' type='text' value='' class='medium'  placeholder='T\u00e9l\u00e9phone'  aria-invalid=\"false\"  \/><\/div><\/li><li id='field_7_4'  class='gfield field_sublabel_below field_description_below gfield_visibility_visible' ><label class='gfield_label' for='input_7_4' >Entreprise<\/label><div class='ginput_container ginput_container_text'><input name='input_4' id='input_7_4' type='text' value='' class='medium'    placeholder='Entreprise'  aria-invalid=\"false\" \/><\/div><\/li><li id='field_7_5'  class='gfield gfield_contains_required field_sublabel_below field_description_below gfield_visibility_visible' ><label class='gfield_label' for='input_7_5' >Message<span class='gfield_required'>*<\/span><\/label><div class='ginput_container ginput_container_textarea'><textarea name='input_5' id='input_7_5' class='textarea medium'    placeholder='Message' aria-required=\"true\" aria-invalid=\"false\"   rows='10' cols='50'><\/textarea><\/div><\/li><li id='field_7_6'  class='gfield gfield_contains_required field_sublabel_below field_description_below gfield_visibility_visible' ><label class='gfield_label'  >Consenso<span class='gfield_required'>*<\/span><\/label><div class='ginput_container ginput_container_consent'><input name='input_6.1' id='input_7_6_1' type='checkbox' value='1'   aria-required=\"true\" aria-invalid=\"false\"   \/> <label class=\"gfield_consent_label\" for='input_7_6_1' >J&rsquo;autorise le traitement de mes donn\u00e9es personnelles conform\u00e9ment au RGPD (R\u00e8glement UE 2016\/679). <a href=\"https:\/\/www.charismacontract.com\/privacy-policy\/\"> Lire les informations compl\u00e8tes <\/a><\/label><input type='hidden' name='input_6.2' value='J&#039;autorise le traitement de mes donn\u00e9es personnelles conform\u00e9ment au RGPD (R\u00e8glement UE 2016\/679). &lt;a href=&quot;https:\/\/www.charismacontract.com\/privacy-policy\/&quot;&gt; Lire les informations compl\u00e8tes &lt;\/a&gt;' class='gform_hidden' \/><input type='hidden' name='input_6.3' value='5' class='gform_hidden' \/><\/div><\/li><li id='field_7_7'  class='gfield field_sublabel_below field_description_below hidden_label gfield_visibility_visible' ><label class='gfield_label' for='input_7_7' >CAPTCHA<\/label><div id='input_7_7' class='ginput_container ginput_recaptcha' data-sitekey='6LfElbcUAAAAAIfGujkUy5LtxX8RhRg_u7LOgSS7'  data-theme='light' data-tabindex='-1' data-size='invisible' data-badge='bottomright'><\/div><\/li>\n                            <\/ul><\/div>\n        <div class='gform_footer top_label'> <input type='submit' id='gform_submit_button_7' class='gform_button button' value='Nous contacter'  onclick='if(window[\"gf_submitting_7\"]){return false;}  window[\"gf_submitting_7\"]=true;  ' onkeypress='if( event.keyCode == 13 ){ if(window[\"gf_submitting_7\"]){return false;} window[\"gf_submitting_7\"]=true;  jQuery(\"#gform_7\").trigger(\"submit\",[true]); }' \/> \n            <input type='hidden' class='gform_hidden' name='is_submit_7' value='1' \/>\n            <input type='hidden' class='gform_hidden' name='gform_submit' value='7' \/>\n            \n            <input type='hidden' class='gform_hidden' name='gform_unique_id' value='' \/>\n            <input type='hidden' class='gform_hidden' name='state_7' value='WyJ7XCI2LjFcIjpcIjllMTA5ZWNiMzMwNDI3OWI4NjQwYTI1ZDMzNGQ0Y2JiXCIsXCI2LjJcIjpcImY1MTk4YjEyNGQ0YTE0NmYxY2I1MTA1YTk0YmQ1MDc2XCIsXCI2LjNcIjpcIjQzMjcyMGViYTMyNTlkZmRiYjhjYmJiYWUxNDQ5Y2Y5XCJ9IiwiOWE4ZjJhOTg2YmQ3NmU0MTVjMmE1ZTg0OWU0N2U3M2EiXQ==' \/>\n            <input type='hidden' class='gform_hidden' name='gform_target_page_number_7' id='gform_target_page_number_7' value='0' \/>\n            <input type='hidden' class='gform_hidden' name='gform_source_page_number_7' id='gform_source_page_number_7' value='1' \/>\n            <input type='hidden' name='gform_field_values' value='' \/>\n            \n        <\/div>\n                        <\/form>\n                        <\/div><script type='text\/javascript'> jQuery(document).bind('gform_post_render', function(event, formId, currentPage){if(formId == 7) {if(typeof Placeholders != 'undefined'){\n                        Placeholders.enable();\n                    }} } );jQuery(document).bind('gform_post_conditional_logic', function(event, formId, fields, isInit){} );<\/script><script type='text\/javascript'> jQuery(document).ready(function(){jQuery(document).trigger('gform_post_render', [7, 1]) } ); <\/script><\/p>\t\t\t\t\t\t<\/div>\n\t\t\t\t<\/div>\n\t\t\t\t\t<\/div>\n\t\t<\/div>\n\t\t\t\t\t<\/div>\n\t\t<\/section>\n\t\t\t\t<\/div>\n\t\t","protected":false},"excerpt":{"rendered":"<p>Charisma S.r.l. Via XXVIII Luglio, 212 47893 Borgo Maggiore &#8211; R\u00e9publique de Saint-Marin info@charismacontract.com<\/p>\n","protected":false},"author":2,"featured_media":0,"parent":0,"menu_order":0,"comment_status":"closed","ping_status":"closed","template":"","meta":{"_acf_changed":false,"inline_featured_image":false,"_exactmetrics_skip_tracking":false,"_exactmetrics_sitenote_active":false,"_exactmetrics_sitenote_note":"","_exactmetrics_sitenote_category":0,"ocean_post_layout":"","ocean_both_sidebars_style":"","ocean_both_sidebars_content_width":0,"ocean_both_sidebars_sidebars_width":0,"ocean_sidebar":"0","ocean_second_sidebar":"0","ocean_disable_margins":"enable","ocean_add_body_class":"","ocean_shortcode_before_top_bar":"","ocean_shortcode_after_top_bar":"","ocean_shortcode_before_header":"","ocean_shortcode_after_header":"","ocean_has_shortcode":"","ocean_shortcode_after_title":"","ocean_shortcode_before_footer_widgets":"","ocean_shortcode_after_footer_widgets":"","ocean_shortcode_before_footer_bottom":"","ocean_shortcode_after_footer_bottom":"","ocean_display_top_bar":"default","ocean_display_header":"default","ocean_header_style":"","ocean_center_header_left_menu":"0","ocean_custom_header_template":"0","ocean_custom_logo":0,"ocean_custom_retina_logo":0,"ocean_custom_logo_max_width":0,"ocean_custom_logo_tablet_max_width":0,"ocean_custom_logo_mobile_max_width":0,"ocean_custom_logo_max_height":0,"ocean_custom_logo_tablet_max_height":0,"ocean_custom_logo_mobile_max_height":0,"ocean_header_custom_menu":"0","ocean_menu_typo_font_family":"0","ocean_menu_typo_font_subset":"","ocean_menu_typo_font_size":0,"ocean_menu_typo_font_size_tablet":0,"ocean_menu_typo_font_size_mobile":0,"ocean_menu_typo_font_size_unit":"px","ocean_menu_typo_font_weight":"","ocean_menu_typo_font_weight_tablet":"","ocean_menu_typo_font_weight_mobile":"","ocean_menu_typo_transform":"","ocean_menu_typo_transform_tablet":"","ocean_menu_typo_transform_mobile":"","ocean_menu_typo_line_height":0,"ocean_menu_typo_line_height_tablet":0,"ocean_menu_typo_line_height_mobile":0,"ocean_menu_typo_line_height_unit":"","ocean_menu_typo_spacing":0,"ocean_menu_typo_spacing_tablet":0,"ocean_menu_typo_spacing_mobile":0,"ocean_menu_typo_spacing_unit":"","ocean_menu_link_color":"","ocean_menu_link_color_hover":"","ocean_menu_link_color_active":"","ocean_menu_link_background":"","ocean_menu_link_hover_background":"","ocean_menu_link_active_background":"","ocean_menu_social_links_bg":"","ocean_menu_social_hover_links_bg":"","ocean_menu_social_links_color":"","ocean_menu_social_hover_links_color":"","ocean_disable_title":"default","ocean_disable_heading":"default","ocean_post_title":"","ocean_post_subheading":"","ocean_post_title_style":"","ocean_post_title_background_color":"","ocean_post_title_background":0,"ocean_post_title_bg_image_position":"","ocean_post_title_bg_image_attachment":"","ocean_post_title_bg_image_repeat":"","ocean_post_title_bg_image_size":"","ocean_post_title_height":0,"ocean_post_title_bg_overlay":0.5,"ocean_post_title_bg_overlay_color":"","ocean_disable_breadcrumbs":"default","ocean_breadcrumbs_color":"","ocean_breadcrumbs_separator_color":"","ocean_breadcrumbs_links_color":"","ocean_breadcrumbs_links_hover_color":"","ocean_display_footer_widgets":"default","ocean_display_footer_bottom":"default","ocean_custom_footer_template":"0","footnotes":""},"yst_prominent_words":[],"class_list":["post-2499","page","type-page","status-publish","hentry","entry"],"acf":[],"_links":{"self":[{"href":"https:\/\/www.charismacontract.com\/fr\/wp-json\/wp\/v2\/pages\/2499"}],"collection":[{"href":"https:\/\/www.charismacontract.com\/fr\/wp-json\/wp\/v2\/pages"}],"about":[{"href":"https:\/\/www.charismacontract.com\/fr\/wp-json\/wp\/v2\/types\/page"}],"author":[{"embeddable":true,"href":"https:\/\/www.charismacontract.com\/fr\/wp-json\/wp\/v2\/users\/2"}],"replies":[{"embeddable":true,"href":"https:\/\/www.charismacontract.com\/fr\/wp-json\/wp\/v2\/comments?post=2499"}],"version-history":[{"count":12,"href":"https:\/\/www.charismacontract.com\/fr\/wp-json\/wp\/v2\/pages\/2499\/revisions"}],"predecessor-version":[{"id":2537,"href":"https:\/\/www.charismacontract.com\/fr\/wp-json\/wp\/v2\/pages\/2499\/revisions\/2537"}],"wp:attachment":[{"href":"https:\/\/www.charismacontract.com\/fr\/wp-json\/wp\/v2\/media?parent=2499"}],"wp:term":[{"taxonomy":"yst_prominent_words","embeddable":true,"href":"https:\/\/www.charismacontract.com\/fr\/wp-json\/wp\/v2\/yst_prominent_words?post=2499"}],"curies":[{"name":"wp","href":"https:\/\/api.w.org\/{rel}","templated":true}]}}